{"id":6208,"date":"2025-11-25T16:02:01","date_gmt":"2025-11-25T21:02:01","guid":{"rendered":"https:\/\/seguimientoyestrategia.com\/?page_id=6208"},"modified":"2025-12-26T10:15:43","modified_gmt":"2025-12-26T15:15:43","slug":"analisis-y-perspectivas","status":"publish","type":"page","link":"https:\/\/seguimientoyestrategia.com\/?page_id=6208","title":{"rendered":"An\u00e1lisis y Perspectivas"},"content":{"rendered":"\t\t<div data-elementor-type=\"wp-page\" data-elementor-id=\"6208\" class=\"elementor elementor-6208\">\n\t\t\t\t\t\t<section class=\"elementor-section elementor-top-section elementor-element elementor-element-aa03b47 ot-traditional elementor-section-boxed elementor-section-height-default elementor-section-height-default\" data-id=\"aa03b47\" data-element_type=\"section\" data-settings=\"{&quot;background_background&quot;:&quot;classic&quot;}\">\n\t\t\t\t\t\t<div class=\"elementor-container elementor-column-gap-default\">\n\t\t\t\t\t<div class=\"elementor-column elementor-col-100 elementor-top-column elementor-element elementor-element-8e8004d ot-flex-column-vertical\" data-id=\"8e8004d\" data-element_type=\"column\">\n\t\t\t<div class=\"elementor-widget-wrap elementor-element-populated\">\n\t\t\t\t\t\t<section class=\"elementor-section elementor-inner-section elementor-element elementor-element-c8b683d elementor-section-full_width elementor-section-content-bottom ot-traditional elementor-section-height-default elementor-section-height-default\" data-id=\"c8b683d\" data-element_type=\"section\">\n\t\t\t\t\t\t<div class=\"elementor-container elementor-column-gap-default\">\n\t\t\t\t\t<div class=\"elementor-column elementor-col-50 elementor-inner-column elementor-element elementor-element-453ce60 ot-flex-column-vertical\" data-id=\"453ce60\" data-element_type=\"column\">\n\t\t\t<div class=\"elementor-widget-wrap elementor-element-populated\">\n\t\t\t\t\t\t<div class=\"elementor-element elementor-element-07f334f elementor-widget elementor-widget-image\" data-id=\"07f334f\" data-element_type=\"widget\" data-widget_type=\"image.default\">\n\t\t\t\t<div class=\"elementor-widget-container\">\n\t\t\t\t\t\t\t\t\t\t\t\t\t\t\t<img fetchpriority=\"high\" decoding=\"async\" width=\"373\" height=\"497\" src=\"https:\/\/seguimientoyestrategia.com\/wp-content\/uploads\/2025\/12\/Imagen-Diana-Medina.png\" class=\"attachment-large size-large wp-image-6389\" alt=\"\" srcset=\"https:\/\/seguimientoyestrategia.com\/wp-content\/uploads\/2025\/12\/Imagen-Diana-Medina.png 373w, https:\/\/seguimientoyestrategia.com\/wp-content\/uploads\/2025\/12\/Imagen-Diana-Medina-225x300.png 225w\" sizes=\"(max-width: 373px) 100vw, 373px\" \/>\t\t\t\t\t\t\t\t\t\t\t\t\t\t\t<\/div>\n\t\t\t\t<\/div>\n\t\t\t\t<div class=\"elementor-element elementor-element-a3aa0bf elementor-widget elementor-widget-text-editor\" data-id=\"a3aa0bf\" data-element_type=\"widget\" data-widget_type=\"text-editor.default\">\n\t\t\t\t<div class=\"elementor-widget-container\">\n\t\t\t\t\t\t\t\t\t<p><span class=\"text-align:center;\"><b>Diana Paola Medina Casas<\/b><br \/>Directora General de Seguimiento &amp; Estrategia<\/span><\/p>\t\t\t\t\t\t\t\t<\/div>\n\t\t\t\t<\/div>\n\t\t\t\t<div class=\"elementor-element elementor-element-9acbd99 elementor-align-center elementor-widget elementor-widget-ibutton\" data-id=\"9acbd99\" data-element_type=\"widget\" data-widget_type=\"ibutton.default\">\n\t\t\t\t<div class=\"elementor-widget-container\">\n\t\t\t\t\t\t\t<div class=\"ot-button\">\r\n\t\t\t<a href=\"https:\/\/www.linkedin.com\/in\/diana-paola-medina-casas-9b959917\/\" class=\"octf-btn octf-btn-primary\">conoce m\u00e1s de nuestra directora<\/a>\r\n\t    <\/div>\r\n\t    \t\t\t\t<\/div>\n\t\t\t\t<\/div>\n\t\t\t\t\t<\/div>\n\t\t<\/div>\n\t\t\t\t<div class=\"elementor-column elementor-col-50 elementor-inner-column elementor-element elementor-element-53a2c54 ot-flex-column-vertical\" data-id=\"53a2c54\" data-element_type=\"column\">\n\t\t\t<div class=\"elementor-widget-wrap elementor-element-populated\">\n\t\t\t\t\t\t<div class=\"elementor-element elementor-element-b3da0fa elementor-widget elementor-widget-iheading\" data-id=\"b3da0fa\" data-element_type=\"widget\" data-widget_type=\"iheading.default\">\n\t\t\t\t<div class=\"elementor-widget-container\">\n\t\t\t\t\t\t\t<div class=\"ot-heading\">\r\n\t        <h2 class=\"main-heading\">NUESTRA ESENCIA<\/h2>\t    <\/div>\r\n\t    \t\t\t\t<\/div>\n\t\t\t\t<\/div>\n\t\t\t\t<div class=\"elementor-element elementor-element-c5437cb elementor-widget elementor-widget-text-editor\" data-id=\"c5437cb\" data-element_type=\"widget\" data-widget_type=\"text-editor.default\">\n\t\t\t\t<div class=\"elementor-widget-container\">\n\t\t\t\t\t\t\t\t\t<p style=\"text-align:justify!important;\"><b>12 a\u00f1os liderando una empresa, cumpliendo un sue\u00f1o y aprendiendo cada d\u00eda.<\/b><b><br \/><\/b><span style=\"font-weight: 400;\">Con trabajo estrat\u00e9gico y con el apoyo de un equipo destacado por su profesionalismo, compromiso y pasi\u00f3n. transformamos los asuntos p\u00fablicos en soluciones concretas para todos, y preparamos en comunicaci\u00f3n, conscientes que la informaci\u00f3n, la imagen y la forma de comunicar son esenciales en escenarios de poder e impacto, en un mundo que cambia constantemente.<\/span><\/p>\n<p style=\"text-align:justify!important;\"><span style=\"font-weight: 400;\">Cada proyecto, desaf\u00edo y oportunidad nos ha ense\u00f1ado que crecer no es solo avanzar en resultados, sino fortalecer v\u00ednculos, inspirar confianza y convertir obst\u00e1culos en oportunidades. Este camino nos impulsa a seguir adelante, con entusiasmo y convicci\u00f3n, cada d\u00eda m\u00e1s fuertes, innovadores y comprometidos con lo que amamos hacer.<\/span><\/p>\t\t\t\t\t\t\t\t<\/div>\n\t\t\t\t<\/div>\n\t\t\t\t\t<\/div>\n\t\t<\/div>\n\t\t\t\t\t<\/div>\n\t\t<\/section>\n\t\t\t\t<section class=\"elementor-section elementor-inner-section elementor-element elementor-element-b72b848 elementor-section-full_width elementor-section-content-bottom ot-traditional elementor-section-height-default elementor-section-height-default\" data-id=\"b72b848\" data-element_type=\"section\">\n\t\t\t\t\t\t<div class=\"elementor-container elementor-column-gap-default\">\n\t\t\t\t\t<div class=\"elementor-column elementor-col-50 elementor-inner-column elementor-element elementor-element-6f92699 ot-flex-column-vertical\" data-id=\"6f92699\" data-element_type=\"column\">\n\t\t\t<div class=\"elementor-widget-wrap elementor-element-populated\">\n\t\t\t\t\t\t<div class=\"elementor-element elementor-element-a8aaaf2 elementor-widget elementor-widget-iheading\" data-id=\"a8aaaf2\" data-element_type=\"widget\" data-widget_type=\"iheading.default\">\n\t\t\t\t<div class=\"elementor-widget-container\">\n\t\t\t\t\t\t\t<div class=\"ot-heading\">\r\n\t        <h2 class=\"main-heading\">LO QUE HACEMOS POSIBLE<\/h2>\t    <\/div>\r\n\t    \t\t\t\t<\/div>\n\t\t\t\t<\/div>\n\t\t\t\t<div class=\"elementor-element elementor-element-4752950 elementor-widget elementor-widget-text-editor\" data-id=\"4752950\" data-element_type=\"widget\" data-widget_type=\"text-editor.default\">\n\t\t\t\t<div class=\"elementor-widget-container\">\n\t\t\t\t\t\t\t\t\t<p style=\"text-align:justify!important;\"><span style=\"font-weight: 400;\">Actuamos como interlocutores entre el sector p\u00fablico y privado, creando un canal de comunicaci\u00f3n y siendo facilitadores en sus relaciones.<\/span><\/p>\n<p style=\"text-align:justify!important;\"><span style=\"font-weight: 400;\">Analizamos la coyuntura pol\u00edtica y marco normativo de una regi\u00f3n o naci\u00f3n.<\/span><\/p>\n<p style=\"text-align:justify!important;\"><span style=\"font-weight: 400;\">Posicionamos la imagen de un partido pol\u00edtico, un candidato, gobernante o empresario a trav\u00e9s de la gesti\u00f3n de su reputaci\u00f3n.<\/span><\/p>\n<p style=\"text-align:justify!important;\"><span style=\"font-weight: 400;\">Trabajamos midiendo la opini\u00f3n p\u00fablica, nuevas tendencias de la comunicaci\u00f3n e implementaci\u00f3n de la IA.<\/span><\/p>\t\t\t\t\t\t\t\t<\/div>\n\t\t\t\t<\/div>\n\t\t\t\t\t<\/div>\n\t\t<\/div>\n\t\t\t\t<div class=\"elementor-column elementor-col-50 elementor-inner-column elementor-element elementor-element-f48ac4c ot-flex-column-vertical\" data-id=\"f48ac4c\" data-element_type=\"column\">\n\t\t\t<div class=\"elementor-widget-wrap elementor-element-populated\">\n\t\t\t\t\t\t<div class=\"elementor-element elementor-element-5711b02 elementor-widget elementor-widget-image\" data-id=\"5711b02\" data-element_type=\"widget\" data-widget_type=\"image.default\">\n\t\t\t\t<div class=\"elementor-widget-container\">\n\t\t\t\t\t\t\t\t\t\t\t\t\t\t\t<img decoding=\"async\" width=\"1024\" height=\"646\" src=\"https:\/\/seguimientoyestrategia.com\/wp-content\/uploads\/2025\/12\/collage-1024x646.png\" class=\"attachment-large size-large wp-image-6536\" alt=\"\" srcset=\"https:\/\/seguimientoyestrategia.com\/wp-content\/uploads\/2025\/12\/collage-1024x646.png 1024w, https:\/\/seguimientoyestrategia.com\/wp-content\/uploads\/2025\/12\/collage-300x189.png 300w, https:\/\/seguimientoyestrategia.com\/wp-content\/uploads\/2025\/12\/collage-768x484.png 768w, https:\/\/seguimientoyestrategia.com\/wp-content\/uploads\/2025\/12\/collage-1536x968.png 1536w, https:\/\/seguimientoyestrategia.com\/wp-content\/uploads\/2025\/12\/collage-720x454.png 720w, https:\/\/seguimientoyestrategia.com\/wp-content\/uploads\/2025\/12\/collage.png 1602w\" sizes=\"(max-width: 1024px) 100vw, 1024px\" \/>\t\t\t\t\t\t\t\t\t\t\t\t\t\t\t<\/div>\n\t\t\t\t<\/div>\n\t\t\t\t\t<\/div>\n\t\t<\/div>\n\t\t\t\t\t<\/div>\n\t\t<\/section>\n\t\t\t\t\t<\/div>\n\t\t<\/div>\n\t\t\t\t\t<\/div>\n\t\t<\/section>\n\t\t\t\t<\/div>\n\t\t","protected":false},"excerpt":{"rendered":"<p>Diana Paola Medina CasasDirectora General de Seguimiento &amp; Estrategia conoce m\u00e1s de nuestra directora NUESTRA ESENCIA 12 a\u00f1os liderando una empresa, cumpliendo un sue\u00f1o y aprendiendo cada d\u00eda.Con trabajo estrat\u00e9gico y con el apoyo de un equipo destacado por su profesionalismo, compromiso y pasi\u00f3n. transformamos los asuntos p\u00fablicos en soluciones concretas para todos, y preparamos [&hellip;]<\/p>\n","protected":false},"author":1,"featured_media":0,"parent":0,"menu_order":0,"comment_status":"closed","ping_status":"closed","template":"","meta":{"footnotes":""},"class_list":["post-6208","page","type-page","status-publish","hentry"],"_links":{"self":[{"href":"https:\/\/seguimientoyestrategia.com\/index.php?rest_route=\/wp\/v2\/pages\/6208","targetHints":{"allow":["GET"]}}],"collection":[{"href":"https:\/\/seguimientoyestrategia.com\/index.php?rest_route=\/wp\/v2\/pages"}],"about":[{"href":"https:\/\/seguimientoyestrategia.com\/index.php?rest_route=\/wp\/v2\/types\/page"}],"author":[{"embeddable":true,"href":"https:\/\/seguimientoyestrategia.com\/index.php?rest_route=\/wp\/v2\/users\/1"}],"replies":[{"embeddable":true,"href":"https:\/\/seguimientoyestrategia.com\/index.php?rest_route=%2Fwp%2Fv2%2Fcomments&post=6208"}],"version-history":[{"count":81,"href":"https:\/\/seguimientoyestrategia.com\/index.php?rest_route=\/wp\/v2\/pages\/6208\/revisions"}],"predecessor-version":[{"id":6576,"href":"https:\/\/seguimientoyestrategia.com\/index.php?rest_route=\/wp\/v2\/pages\/6208\/revisions\/6576"}],"wp:attachment":[{"href":"https:\/\/seguimientoyestrategia.com\/index.php?rest_route=%2Fwp%2Fv2%2Fmedia&parent=6208"}],"curies":[{"name":"wp","href":"https:\/\/api.w.org\/{rel}","templated":true}]}}